{"id":4384,"date":"2025-12-26T16:01:32","date_gmt":"2025-12-26T08:01:32","guid":{"rendered":"http:\/\/cxpaizi100.cn\/?page_id=4384"},"modified":"2025-12-26T16:33:13","modified_gmt":"2025-12-26T08:33:13","slug":"%e4%be%9d%e4%ba%91","status":"publish","type":"page","link":"http:\/\/cxpaizi100.cn\/?page_id=4384","title":{"rendered":"\u4f9d\u4e91"},"content":{"rendered":"<table width=\"100%\" border=\"1\" >\n<tbody>\n<tr>\n<td><a href=\"http:\/\/cxpaizi100.cn\/gotopage\/?id=yiyun\" target=\"_blank\" rel=\"noopener\"><img loading=\"lazy\" decoding=\"async\" src=\"http:\/\/cxpaizi100.cn\/paizi\/images\/yiyun.png\" width=\"300\" height=\"200\" align=\"left\" \/><\/a>\u4f9d\u4e91\/\u6cd5\u56fd\u8fbe\u80fd\u96c6\u56e2<\/p>\n<p>\u521b\u4e1a\u65f6\u95f4\uff1a1789\u5e74\uff0c\u603b\u90e8\uff1a\u6cd5\u56fd\u5df4\u9ece<\/p>\n<p><\/p>\n<p><a href=\"http:\/\/cxpaizi100.cn\/gotopage\/?id=yiyun\" target=\"_blank\" class=\"button\" rel=\"noopener\">\u5b98\u65b9\u65d7\u8230\u5e97 ><\/a><\/p>\n<\/td>\n<\/tr>\n<tr>\n<td>\n\u4f9d\u4e91(evian)\u96b6\u5c5e\u4e8e\u6cd5\u56fd\u8fbe\u80fd\u96c6\u56e2\uff0c\u4f9d\u4e91\u7684\u6545\u4e8b\u59cb\u4e8e1789\u5e74\uff0c\u5f53\u65f6\uff0c\u6cd5\u56fd\u4e00\u4f4d\u60a3\u6709\u80be\u7ed3\u77f3\u7684\u8d35\u65cf\u5728\u4f9d\u4e91\u5c0f\u9547\u5076\u7136\u996e\u7528\u4e86\u5f53\u5730\u7684\u6cc9\u6c34\uff0c\u4e00\u6bb5\u65f6\u95f4\u540e\uff0c\u4ed6\u60ca\u5947\u5730\u53d1\u73b0\u81ea\u5df1\u7684\u75c5\u75c7\u7adf\u6709\u6240\u597d\u8f6c\u3002\u6b64\u540e\uff0c\u79d1\u5b66\u5bb6\u4eec\u5bf9\u8fd9\u91cc\u7684\u6cc9\u6c34\u8fdb\u884c\u4e86\u6df1\u5165\u5206\u6790\uff0c\u8bc1\u5b9e\u4e86\u5176\u5bf9\u4eba\u4f53\u5065\u5eb7\u7684\u76ca\u5904\u30021824\u5e74\uff0c\u7b2c\u4e00\u5bb6\u74f6\u88c5\u4f9d\u4e91\u6c34\u7684\u5de5\u5382\u5efa\u7acb\uff0c\u5f00\u542f\u4e86\u4f9d\u4e91\u5546\u4e1a\u5316\u7684\u8fdb\u7a0b\u30021905\u5e74\uff0cSoci\u00e9t\u00e9 des Eaux Minerales d&#8217;\u00c9vian\u6210\u7acb\uff0c\u4f9d\u4e91\u54c1\u724c\u6b63\u5f0f\u8d70\u4e0a\u4e13\u4e1a\u5316\u3001\u89c4\u6a21\u5316\u7684\u53d1\u5c55\u9053\u8def\u3002\u5386\u7ecf\u4e24\u4e2a\u591a\u4e16\u7eaa\u7684\u53d1\u5c55\uff0c\u4f9d\u4e91\u51ed\u501f\u5353\u8d8a\u7684\u54c1\u8d28\u548c\u72ec\u7279\u7684\u54c1\u724c\u9b45\u529b\uff0c\u6210\u4e3a\u5168\u7403\u9ad8\u7aef\u77ff\u6cc9\u6c34\u5e02\u573a\u7684\u9886\u519b\u54c1\u724c\u3002<\/p>\n<p>\u4f9d\u4e91\u77ff\u6cc9\u6c34\u7684\u6c34\u6e90\u6765\u81ea\u6cd5\u56fd\u4e1c\u5357\u90e8\u963f\u5c14\u5351\u65af\u5c71\u811a\u4e0b\u7684\u4f9d\u4e91\u5c0f\u9547\u3002\u8fd9\u91cc\u6d77\u62d4\u9ad8\uff0c\u4eba\u70df\u7a00\u5c11\uff0c\u8fdc\u79bb\u5de5\u4e1a\u6c61\u67d3\uff0c\u62e5\u6709\u8fd1\u4e4e\u539f\u59cb\u7684\u81ea\u7136\u751f\u6001\u73af\u5883\u3002\u963f\u5c14\u5351\u65af\u5c71\u7684\u51b0\u96ea\u878d\u6c34\u7ecf\u8fc7\u591a\u5e74\u7684\u6e17\u900f\u548c\u8fc7\u6ee4\uff0c\u4ece\u5730\u4e0b\u5ca9\u77f3\u5c42\u4e2d\u6d8c\u51fa\uff0c\u5f62\u6210\u4e86\u4f9d\u4e91\u77ff\u6cc9\u6c34\u72ec\u7279\u7684\u6c34\u6e90\u3002<\/p>\n<p>\u4f9d\u4e91\u77ff\u6cc9\u6c34\u7684\u6c34\u6e90\u7ecf\u8fc7\u957f\u8fbe15\u5e74\u7684\u5929\u7136\u8fc7\u6ee4\u548c\u51b0\u5ddd\u7802\u5c42\u7684\u77ff\u5316\uff0c\u6c34\u8d28\u7eaf\u51c0\u3001\u6e05\u51bd\u3002\u5b83\u542b\u6709\u591a\u79cd\u5bf9\u4eba\u4f53\u6709\u76ca\u7684\u77ff\u7269\u8d28\u548c\u5fae\u91cf\u5143\u7d20\uff0c\u5982\u9499\u3001\u9541\u3001\u94be\u7b49\uff0c\u4e14\u8fd9\u4e9b\u77ff\u7269\u8d28\u7684\u542b\u91cf\u6bd4\u4f8b\u5747\u8861\u3002\u5176\u4e2d\uff0c\u9499\u80fd\u5f3a\u5065\u9aa8\u9abc\u548c\u7259\u9f7f\uff0c\u9541\u5bf9\u5fc3\u810f\u5065\u5eb7\u6709\u76ca\uff0c\u94be\u6709\u52a9\u4e8e\u7ef4\u6301\u4eba\u4f53\u7684\u6b63\u5e38\u751f\u7406\u529f\u80fd\u3002\u6b64\u5916\uff0c\u4f9d\u4e91\u77ff\u6cc9\u6c34\u7684pH\u503c\u4ecb\u4e8e7.2 &#8211; 7.8\u4e4b\u95f4\uff0c\u5448\u5929\u7136\u5f31\u78b1\u6027\uff0c\u6709\u52a9\u4e8e\u7ef4\u6301\u4eba\u4f53\u7684\u9178\u78b1\u5e73\u8861\uff0c\u4fc3\u8fdb\u65b0\u9648\u4ee3\u8c22\u3002<\/p>\n<p><strong>\u4f9d\u4e91\u5929\u7136\u77ff\u6cc9\u6c34<\/strong><\/p>\n<p>\u8fd9\u662f\u4f9d\u4e91\u54c1\u724c\u7684\u6838\u5fc3\u4ea7\u54c1\uff0c\u4e5f\u662f\u6d88\u8d39\u8005\u6700\u4e3a\u719f\u77e5\u7684\u4ea7\u54c1\u3002\u5b83\u91c7\u7528\u73bb\u7483\u74f6\u548c\u5851\u6599\u74f6\u4e24\u79cd\u5305\u88c5\u5f62\u5f0f\uff0c\u6709\u4e0d\u540c\u7684\u5bb9\u91cf\u89c4\u683c\uff0c\u5305\u62ec330ml\u3001500ml\u3001750ml\u548c1.5L\u7b49\uff0c\u6ee1\u8db3\u6d88\u8d39\u8005\u5728\u4e0d\u540c\u573a\u666f\u4e0b\u7684\u996e\u6c34\u9700\u6c42\u3002\u65e0\u8bba\u662f\u65e5\u5e38\u529e\u516c\u3001\u6237\u5916\u8fd0\u52a8\u8fd8\u662f\u5bb6\u5ead\u805a\u4f1a\uff0c\u4f9d\u4e91\u5929\u7136\u77ff\u6cc9\u6c34\u90fd\u662f\u9ad8\u54c1\u8d28\u996e\u6c34\u7684\u7406\u60f3\u9009\u62e9\u3002<\/p>\n<p><strong>\u4f9d\u4e91\u5a74\u5e7c\u513f\u5929\u7136\u77ff\u6cc9\u6c34<\/strong><\/p>\n<p>\u4e13\u4e3a\u5a74\u5e7c\u513f\u8bbe\u8ba1\uff0c\u5728\u6c34\u6e90\u7684\u9009\u62e9\u548c\u751f\u4ea7\u8fc7\u7a0b\u4e2d\u9075\u5faa\u66f4\u4e25\u683c\u7684\u6807\u51c6\u3002\u5176\u77ff\u7269\u8d28\u542b\u91cf\u9002\u5408\u5a74\u5e7c\u513f\u5a07\u5ae9\u7684\u80a0\u80c3\u548c\u8eab\u4f53\u53d1\u80b2\u9700\u6c42\uff0c\u4e3a\u5b9d\u5b9d\u63d0\u4f9b\u5b89\u5168\u3001\u5065\u5eb7\u7684\u996e\u7528\u6c34\u3002\u74f6\u8eab\u8bbe\u8ba1\u4e5f\u5145\u5206\u8003\u8651\u4e86\u5a74\u5e7c\u513f\u4f7f\u7528\u7684\u4fbf\u5229\u6027\u548c\u5b89\u5168\u6027\u3002<\/p>\n<p><strong>\u4f9d\u4e91\u55b7\u96fe<\/strong><\/p>\n<p>\u5229\u7528\u4f9d\u4e91\u77ff\u6cc9\u6c34\u5236\u4f5c\u800c\u6210\uff0c\u5177\u6709\u4fdd\u6e7f\u3001\u8212\u7f13\u808c\u80a4\u7684\u529f\u6548\u3002\u5176\u7ec6\u817b\u7684\u55b7\u96fe\u80fd\u591f\u8fc5\u901f\u4e3a\u808c\u80a4\u8865\u5145\u6c34\u5206\uff0c\u7f13\u89e3\u808c\u80a4\u5e72\u71e5\u3001\u4e0d\u9002\u7b49\u95ee\u9898\u3002\u9002\u7528\u4e8e\u5404\u79cd\u80a4\u8d28\uff0c\u5c24\u5176\u662f\u654f\u611f\u6027\u808c\u80a4\u3002\u5728\u65e5\u5e38\u808c\u80a4\u62a4\u7406\u4e2d\uff0c\u4f9d\u4e91\u55b7\u96fe\u53ef\u4ee5\u968f\u65f6\u4f7f\u7528\uff0c\u4e3a\u808c\u80a4\u5e26\u6765\u6e05\u723d\u548c\u8212\u9002\u3002\u65e0\u8bba\u662f\u5728\u529e\u516c\u5ba4\u3001\u65c5\u884c\u9014\u4e2d\u8fd8\u662f\u5316\u5986\u524d\u540e\uff0c\u90fd\u53ef\u4ee5\u7528\u5b83\u6765\u5475\u62a4\u808c\u80a4\u3002<\/p>\n<p>\u4f9d\u4e91\u5c06\u81ea\u5df1\u5b9a\u4f4d\u4e3a\u9ad8\u7aef\u3001\u5065\u5eb7\u3001\u65f6\u5c1a\u7684\u77ff\u6cc9\u6c34\u54c1\u724c\u3002\u5b83\u5f3a\u8c03\u4ea7\u54c1\u7684\u9ad8\u54c1\u8d28\u548c\u72ec\u7279\u7684\u6c34\u6e90\u4f18\u52bf\uff0c\u4ee5\u533a\u522b\u4e8e\u666e\u901a\u7684\u77ff\u6cc9\u6c34\u54c1\u724c\u3002\u5176\u76ee\u6807\u5ba2\u6237\u7fa4\u4f53\u4e3b\u8981\u662f\u6ce8\u91cd\u751f\u6d3b\u54c1\u8d28\u3001\u8ffd\u6c42\u5065\u5eb7\u548c\u65f6\u5c1a\u7684\u6d88\u8d39\u8005\uff0c\u5305\u62ec\u5546\u52a1\u4eba\u58eb\u3001\u9ad8\u7aef\u6d88\u8d39\u8005\u4ee5\u53ca\u5bf9\u5065\u5eb7\u548c\u7f8e\u5bb9\u6709\u8f83\u9ad8\u8981\u6c42\u7684\u4eba\u7fa4\u3002<\/p>\n<p>\u4f9d\u4e91\u4ea7\u54c1\u7545\u9500\u5168\u7403140\u591a\u4e2a\u56fd\u5bb6\u548c\u5730\u533a\uff0c\u5728\u9ad8\u7aef\u77ff\u6cc9\u6c34\u5e02\u573a\u5360\u636e\u91cd\u8981\u5730\u4f4d\u3002\u5728\u6b27\u7f8e\u7b49\u53d1\u8fbe\u56fd\u5bb6\uff0c\u4f9d\u4e91\u662f\u8bb8\u591a\u5bb6\u5ead\u548c\u6d88\u8d39\u8005\u7684\u9996\u9009\u77ff\u6cc9\u6c34\u54c1\u724c\u3002\u5728\u4e9a\u6d32\u5e02\u573a\uff0c\u5c24\u5176\u662f\u4e2d\u56fd\u3001\u65e5\u672c\u548c\u97e9\u56fd\u7b49\u56fd\u5bb6\uff0c\u968f\u7740\u6d88\u8d39\u8005\u5bf9\u5065\u5eb7\u548c\u54c1\u8d28\u751f\u6d3b\u7684\u8ffd\u6c42\u4e0d\u65ad\u63d0\u9ad8\uff0c\u4f9d\u4e91\u7684\u5e02\u573a\u4efd\u989d\u4e5f\u5728\u9010\u6e10\u6269\u5927\u3002\u4f9d\u4e91\u4e0d\u4ec5\u5728\u9ad8\u7aef\u8d85\u5e02\u3001\u4fbf\u5229\u5e97\u3001\u9152\u5e97\u3001\u9910\u5385\u7b49\u573a\u6240\u5e7f\u6cdb\u9500\u552e\uff0c\u8fd8\u7ecf\u5e38\u51fa\u73b0\u5728\u5404\u79cd\u9ad8\u7aef\u793e\u4ea4\u6d3b\u52a8\u548c\u5546\u52a1\u573a\u5408\u4e2d\uff0c\u6210\u4e3a\u9ad8\u54c1\u8d28\u751f\u6d3b\u7684\u8c61\u5f81\u3002<\/p>\n<p>\u4f9d\u4e91\u901a\u8fc7\u5404\u79cd\u5ba3\u4f20\u548c\u8425\u9500\u6d3b\u52a8\uff0c\u5851\u9020\u4e86\u5065\u5eb7\u3001\u7eaf\u51c0\u3001\u4f18\u96c5\u7684\u54c1\u724c\u5f62\u8c61\u3002\u5176\u5e7f\u544a\u5ba3\u4f20\u548c\u5305\u88c5\u8bbe\u8ba1\u90fd\u4f53\u73b0\u4e86\u8fd9\u4e00\u5f62\u8c61\uff0c\u4f8b\u5982\u4f9d\u4e91\u77ff\u6cc9\u6c34\u7684\u74f6\u8eab\u8bbe\u8ba1\u7b80\u6d01\u5927\u65b9\uff0c\u4ee5\u84dd\u8272\u4e3a\u4e3b\u8272\u8c03\uff0c\u7ed9\u4eba\u4e00\u79cd\u7eaf\u51c0\u3001\u9ad8\u7aef\u7684\u611f\u89c9\u3002\u4f9d\u4e91\u8fd8\u7ecf\u5e38\u4e0e\u4f53\u80b2\u3001\u827a\u672f\u3001\u65f6\u5c1a\u7b49\u9886\u57df\u5408\u4f5c\uff0c\u8fdb\u4e00\u6b65\u63d0\u5347\u54c1\u724c\u7684\u65f6\u5c1a\u611f\u548c\u827a\u672f\u6c1b\u56f4\u3002<\/p>\n<p>\u4f53\u80b2\u8d5b\u4e8b\u8d5e\u52a9\uff1a\u4f9d\u4e91\u6ce8\u91cd\u901a\u8fc7\u8d5e\u52a9\u5404\u79cd\u4f53\u80b2\u8d5b\u4e8b\u6765\u63d0\u5347\u54c1\u724c\u77e5\u540d\u5ea6\u548c\u7f8e\u8a89\u5ea6\u3002\u4f8b\u5982\uff0c\u5b83\u957f\u671f\u8d5e\u52a9\u7f51\u7403\u8d5b\u4e8b\uff0c\u5305\u62ec\u6cd5\u56fd\u7f51\u7403\u516c\u5f00\u8d5b\u7b49\u3002\u5728\u8d5b\u4e8b\u4e2d\uff0c\u4f9d\u4e91\u77ff\u6cc9\u6c34\u6210\u4e3a\u8fd0\u52a8\u5458\u548c\u89c2\u4f17\u7684\u4e3b\u8981\u996e\u7528\u6c34\uff0c\u5c06\u54c1\u724c\u4e0e\u5065\u5eb7\u3001\u8fd0\u52a8\u7684\u7406\u5ff5\u7d27\u5bc6\u8054\u7cfb\u5728\u4e00\u8d77\u3002<\/p>\n<p>\u521b\u610f\u5e7f\u544a\u4e0e\u793e\u4ea4\u5a92\u4f53\u8425\u9500\uff1a\u4f9d\u4e91\u63a8\u51fa\u4e86\u4e00\u7cfb\u5217\u521b\u610f\u5e7f\u544a\uff0c\u901a\u8fc7\u6709\u8da3\u3001\u5bcc\u6709\u60f3\u8c61\u529b\u7684\u753b\u9762\u548c\u60c5\u8282\uff0c\u5438\u5f15\u6d88\u8d39\u8005\u7684\u5173\u6ce8\u3002\u540c\u65f6\uff0c\u79ef\u6781\u5229\u7528\u793e\u4ea4\u5a92\u4f53\u5e73\u53f0\u8fdb\u884c\u54c1\u724c\u63a8\u5e7f\uff0c\u4e0e\u6d88\u8d39\u8005\u8fdb\u884c\u4e92\u52a8\u548c\u6c9f\u901a\uff0c\u589e\u5f3a\u54c1\u724c\u7684\u4eb2\u548c\u529b\u548c\u7528\u6237\u7c98\u6027\u3002<\/p>\n<p>\u8de8\u754c\u5408\u4f5c\uff1a\u4e0e\u65f6\u5c1a\u3001\u827a\u672f\u7b49\u9886\u57df\u7684\u77e5\u540d\u54c1\u724c\u548c\u8bbe\u8ba1\u5e08\u8fdb\u884c\u8de8\u754c\u5408\u4f5c\uff0c\u63a8\u51fa\u9650\u91cf\u7248\u4ea7\u54c1\u548c\u8054\u540d\u7cfb\u5217\u3002\u8fd9\u4e9b\u5408\u4f5c\u4e0d\u4ec5\u4e3a\u4ea7\u54c1\u589e\u6dfb\u4e86\u72ec\u7279\u7684\u8bbe\u8ba1\u5143\u7d20\u548c\u827a\u672f\u4ef7\u503c\uff0c\u8fd8\u5438\u5f15\u4e86\u4e0d\u540c\u9886\u57df\u7684\u6d88\u8d39\u8005\uff0c\u6269\u5927\u4e86\u54c1\u724c\u7684\u5f71\u54cd\u529b\u3002\n<\/td>\n<\/tr>\n<\/tbody>\n<\/table>\n","protected":false},"excerpt":{"rendered":"<p>\u4f9d\u4e91\/\u6cd5\u56fd\u8fbe\u80fd\u96c6\u56e2 \u521b\u4e1a\u65f6\u95f4\uff1a1789\u5e74\uff0c\u603b\u90e8\uff1a\u6cd5\u56fd\u5df4\u9ece \u5b98\u65b9\u65d7\u8230\u5e97 > \u4f9d\u4e91(evian)\u96b6\u5c5e\u4e8e\u6cd5\u56fd\u8fbe\u80fd\u96c6\u56e2 [&hellip;]<\/p>\n","protected":false},"author":1,"featured_media":0,"parent":0,"menu_order":0,"comment_status":"closed","ping_status":"closed","template":"","meta":{"footnotes":""},"yoast_head":"<!-- This site is optimized with the Yoast SEO plugin v21.5 - https:\/\/yoast.com\/wordpress\/plugins\/seo\/ -->\n<title>\u4f9d\u4e91(evian)\u600e\u4e48\u6837\uff0c\u597d\u4e0d\u597d\uff1f\u5173\u4e8e\u4f9d\u4e91(evian)\u54c1\u724c\u4ecb\u7ecd\u4e0e\u8d8b\u52bf-\u724c\u5b50100\u7f51<\/title>\n<meta name=\"robots\" content=\"index, follow, max-snippet:-1, max-image-preview:large, max-video-preview:-1\" \/>\n<link rel=\"canonical\" href=\"http:\/\/cxpaizi100.cn\/?page_id=4384\" \/>\n<meta property=\"og:locale\" content=\"zh_CN\" \/>\n<meta property=\"og:type\" content=\"article\" \/>\n<meta property=\"og:title\" content=\"\u4f9d\u4e91(evian)\u600e\u4e48\u6837\uff0c\u597d\u4e0d\u597d\uff1f\u5173\u4e8e\u4f9d\u4e91(evian)\u54c1\u724c\u4ecb\u7ecd\u4e0e\u8d8b\u52bf-\u724c\u5b50100\u7f51\" \/>\n<meta property=\"og:description\" content=\"\u4f9d\u4e91\/\u6cd5\u56fd\u8fbe\u80fd\u96c6\u56e2 \u521b\u4e1a\u65f6\u95f4\uff1a1789\u5e74\uff0c\u603b\u90e8\uff1a\u6cd5\u56fd\u5df4\u9ece \u5b98\u65b9\u65d7\u8230\u5e97 &gt; \u4f9d\u4e91(evian)\u96b6\u5c5e\u4e8e\u6cd5\u56fd\u8fbe\u80fd\u96c6\u56e2 [&hellip;]\" \/>\n<meta property=\"og:url\" content=\"http:\/\/cxpaizi100.cn\/?page_id=4384\" \/>\n<meta property=\"og:site_name\" content=\"\u724c\u5b50100\u7f51\" \/>\n<meta property=\"article:modified_time\" content=\"2025-12-26T08:33:13+00:00\" \/>\n<meta property=\"og:image\" content=\"http:\/\/cxpaizi100.cn\/paizi\/images\/yiyun.png\" \/>\n<meta name=\"twitter:card\" content=\"summary_large_image\" \/>\n<meta name=\"twitter:label1\" content=\"\u9884\u8ba1\u9605\u8bfb\u65f6\u95f4\" \/>\n\t<meta name=\"twitter:data1\" content=\"1 \u5206\" \/>\n<script type=\"application\/ld+json\" class=\"yoast-schema-graph\">{\"@context\":\"https:\/\/schema.org\",\"@graph\":[{\"@type\":\"WebPage\",\"@id\":\"http:\/\/cxpaizi100.cn\/?page_id=4384\",\"url\":\"http:\/\/cxpaizi100.cn\/?page_id=4384\",\"name\":\"\u4f9d\u4e91(evian)\u600e\u4e48\u6837\uff0c\u597d\u4e0d\u597d\uff1f\u5173\u4e8e\u4f9d\u4e91(evian)\u54c1\u724c\u4ecb\u7ecd\u4e0e\u8d8b\u52bf-\u724c\u5b50100\u7f51\",\"isPartOf\":{\"@id\":\"http:\/\/cxpaizi100.cn\/#website\"},\"datePublished\":\"2025-12-26T08:01:32+00:00\",\"dateModified\":\"2025-12-26T08:33:13+00:00\",\"breadcrumb\":{\"@id\":\"http:\/\/cxpaizi100.cn\/?page_id=4384#breadcrumb\"},\"inLanguage\":\"zh-Hans\",\"potentialAction\":[{\"@type\":\"ReadAction\",\"target\":[\"http:\/\/cxpaizi100.cn\/?page_id=4384\"]}]},{\"@type\":\"BreadcrumbList\",\"@id\":\"http:\/\/cxpaizi100.cn\/?page_id=4384#breadcrumb\",\"itemListElement\":[{\"@type\":\"ListItem\",\"position\":1,\"name\":\"\u9996\u9875\",\"item\":\"http:\/\/cxpaizi100.cn\/\"},{\"@type\":\"ListItem\",\"position\":2,\"name\":\"\u4f9d\u4e91\"}]},{\"@type\":\"WebSite\",\"@id\":\"http:\/\/cxpaizi100.cn\/#website\",\"url\":\"http:\/\/cxpaizi100.cn\/\",\"name\":\"\u724c\u5b50100\u7f51\",\"description\":\"\",\"potentialAction\":[{\"@type\":\"SearchAction\",\"target\":{\"@type\":\"EntryPoint\",\"urlTemplate\":\"http:\/\/cxpaizi100.cn\/?s={search_term_string}\"},\"query-input\":\"required name=search_term_string\"}],\"inLanguage\":\"zh-Hans\"}]}<\/script>\n<!-- \/ Yoast SEO plugin. -->","yoast_head_json":{"title":"\u4f9d\u4e91(evian)\u600e\u4e48\u6837\uff0c\u597d\u4e0d\u597d\uff1f\u5173\u4e8e\u4f9d\u4e91(evian)\u54c1\u724c\u4ecb\u7ecd\u4e0e\u8d8b\u52bf-\u724c\u5b50100\u7f51","robots":{"index":"index","follow":"follow","max-snippet":"max-snippet:-1","max-image-preview":"max-image-preview:large","max-video-preview":"max-video-preview:-1"},"canonical":"http:\/\/cxpaizi100.cn\/?page_id=4384","og_locale":"zh_CN","og_type":"article","og_title":"\u4f9d\u4e91(evian)\u600e\u4e48\u6837\uff0c\u597d\u4e0d\u597d\uff1f\u5173\u4e8e\u4f9d\u4e91(evian)\u54c1\u724c\u4ecb\u7ecd\u4e0e\u8d8b\u52bf-\u724c\u5b50100\u7f51","og_description":"\u4f9d\u4e91\/\u6cd5\u56fd\u8fbe\u80fd\u96c6\u56e2 \u521b\u4e1a\u65f6\u95f4\uff1a1789\u5e74\uff0c\u603b\u90e8\uff1a\u6cd5\u56fd\u5df4\u9ece \u5b98\u65b9\u65d7\u8230\u5e97 > \u4f9d\u4e91(evian)\u96b6\u5c5e\u4e8e\u6cd5\u56fd\u8fbe\u80fd\u96c6\u56e2 [&hellip;]","og_url":"http:\/\/cxpaizi100.cn\/?page_id=4384","og_site_name":"\u724c\u5b50100\u7f51","article_modified_time":"2025-12-26T08:33:13+00:00","og_image":[{"url":"http:\/\/cxpaizi100.cn\/paizi\/images\/yiyun.png"}],"twitter_card":"summary_large_image","twitter_misc":{"\u9884\u8ba1\u9605\u8bfb\u65f6\u95f4":"1 \u5206"},"schema":{"@context":"https:\/\/schema.org","@graph":[{"@type":"WebPage","@id":"http:\/\/cxpaizi100.cn\/?page_id=4384","url":"http:\/\/cxpaizi100.cn\/?page_id=4384","name":"\u4f9d\u4e91(evian)\u600e\u4e48\u6837\uff0c\u597d\u4e0d\u597d\uff1f\u5173\u4e8e\u4f9d\u4e91(evian)\u54c1\u724c\u4ecb\u7ecd\u4e0e\u8d8b\u52bf-\u724c\u5b50100\u7f51","isPartOf":{"@id":"http:\/\/cxpaizi100.cn\/#website"},"datePublished":"2025-12-26T08:01:32+00:00","dateModified":"2025-12-26T08:33:13+00:00","breadcrumb":{"@id":"http:\/\/cxpaizi100.cn\/?page_id=4384#breadcrumb"},"inLanguage":"zh-Hans","potentialAction":[{"@type":"ReadAction","target":["http:\/\/cxpaizi100.cn\/?page_id=4384"]}]},{"@type":"BreadcrumbList","@id":"http:\/\/cxpaizi100.cn\/?page_id=4384#breadcrumb","itemListElement":[{"@type":"ListItem","position":1,"name":"\u9996\u9875","item":"http:\/\/cxpaizi100.cn\/"},{"@type":"ListItem","position":2,"name":"\u4f9d\u4e91"}]},{"@type":"WebSite","@id":"http:\/\/cxpaizi100.cn\/#website","url":"http:\/\/cxpaizi100.cn\/","name":"\u724c\u5b50100\u7f51","description":"","potentialAction":[{"@type":"SearchAction","target":{"@type":"EntryPoint","urlTemplate":"http:\/\/cxpaizi100.cn\/?s={search_term_string}"},"query-input":"required name=search_term_string"}],"inLanguage":"zh-Hans"}]}},"_links":{"self":[{"href":"http:\/\/cxpaizi100.cn\/index.php?rest_route=\/wp\/v2\/pages\/4384"}],"collection":[{"href":"http:\/\/cxpaizi100.cn\/index.php?rest_route=\/wp\/v2\/pages"}],"about":[{"href":"http:\/\/cxpaizi100.cn\/index.php?rest_route=\/wp\/v2\/types\/page"}],"author":[{"embeddable":true,"href":"http:\/\/cxpaizi100.cn\/index.php?rest_route=\/wp\/v2\/users\/1"}],"replies":[{"embeddable":true,"href":"http:\/\/cxpaizi100.cn\/index.php?rest_route=%2Fwp%2Fv2%2Fcomments&post=4384"}],"version-history":[{"count":3,"href":"http:\/\/cxpaizi100.cn\/index.php?rest_route=\/wp\/v2\/pages\/4384\/revisions"}],"predecessor-version":[{"id":4390,"href":"http:\/\/cxpaizi100.cn\/index.php?rest_route=\/wp\/v2\/pages\/4384\/revisions\/4390"}],"wp:attachment":[{"href":"http:\/\/cxpaizi100.cn\/index.php?rest_route=%2Fwp%2Fv2%2Fmedia&parent=4384"}],"curies":[{"name":"wp","href":"https:\/\/api.w.org\/{rel}","templated":true}]}}